{"id":7468,"date":"2017-01-28T12:22:31","date_gmt":"2017-01-28T12:22:31","guid":{"rendered":"https:\/\/photodays-rovinj.com\/?page_id=7468"},"modified":"2024-06-12T08:20:16","modified_gmt":"2024-06-12T08:20:16","slug":"awards-and-grand-prix-of-the-rovinj-photodays-2024-festival-announced","status":"publish","type":"page","link":"https:\/\/www.photodays-rovinj.com\/en\/awards-and-grand-prix-of-the-rovinj-photodays-2024-festival-announced\/","title":{"rendered":"Awards and Grand Prix of the Rovinj Photodays 2024 Festival Announced!"},"content":{"rendered":"\r\n<p>In front of an audience of peers at Island Hotel Istra, the seventeenth edition of Croatia&#8217;s largest contemporary photography festival, Rovinj Photodays, officially concluded with the grand award ceremony and the presentation of the Grand Prix!<\/p>\r\n\r\n\r\n\r\n<p>Awards were given in six official categories, and the works of the finalists were premiered last Friday at a group exhibition held at the Multimedia Center (MMC) Rovinj, which was the central part of this year&#8217;s festival.<\/p>\r\n\r\n\r\n\r\n<p>Ivica Lazi\u0107, a representative of Epson, one of the main sponsors of the festival,<strong> awarded the Grand Prix to Tatiana Tak\u00e1\u010dov\u00e1, <\/strong>a visual artist and photographer from Slovakia and the winner in the Landscape category. Winning this award means a<strong> new solo exhibition for Tatiana at the Rovinj Photodays 2025 festival, an accompanying publication, and a cash prize of 2000 EUR!<\/strong><\/p>\r\n\r\n\r\n\r\n<p><em>&#8220;Despite growing up during the expansion of digital photography, the finalists in the landscape photography category share a sensitivity towards black and white photography of a conceptual nature. By applying collage techniques and combining digital photography with analog, their own shots with archival material, the first place goes to Tatiana Tak\u00e1\u010dov\u00e1 with a series of imaginary landscapes titled It Might Sound a Little Odd, indicating unusual scenes. A symbiosis of the real and artificial produces a sense of displacement from reality. Not deviating from the soft gradation of gray tones, they evoke gloomy moods of transience.&#8221; <\/em><strong>&#8211; Sabina Salamon, jury president<\/strong><\/p>\r\n\r\n\r\n\r\n<p><em>&#8220;This project reflects my long-standing interest in the psychological aspects of human experience and the concept of temporality. The ideological starting point is the German concept of fernweh, a longing, melancholy, or sadness an individual feels for places they have never been. As an artist, I interpret this concept on two levels. The first is historical, where melancholy arises from the world, social systems, and stories that have irretrievably vanished. The second level is connected to the future and the experience of an inner longing for discovery and searching for the promised land.&#8221;<\/em><strong> &#8211; Tatiana Tak\u00e1\u010dov\u00e1<\/strong><\/p>\r\n","protected":false},"excerpt":{"rendered":"<p>In front of an audience of peers at Island Hotel<\/p>\n","protected":false},"author":1,"featured_media":0,"parent":0,"menu_order":0,"comment_status":"closed","ping_status":"closed","template":"page-home-festival.php","meta":{"_acf_changed":false,"footnotes":""},"class_list":["post-7468","page","type-page","status-publish","hentry"],"acf":[],"yoast_head":"<!-- This site is optimized with the Yoast SEO plugin v27.2 - https:\/\/yoast.com\/product\/yoast-seo-wordpress\/ -->\n<title>Awards and Grand Prix of the Rovinj Photodays 2024 Festival Announced! - Photodays Rovinj 2026<\/title>\n<meta name=\"robots\" content=\"index, follow, max-snippet:-1, max-image-preview:large, max-video-preview:-1\" \/>\n<link rel=\"canonical\" href=\"https:\/\/www.photodays-rovinj.com\/en\/awards-and-grand-prix-of-the-rovinj-photodays-2024-festival-announced\/\" \/>\n<meta property=\"og:locale\" content=\"en_US\" \/>\n<meta property=\"og:type\" content=\"article\" \/>\n<meta property=\"og:title\" content=\"Awards and Grand Prix of the Rovinj Photodays 2024 Festival Announced! - Photodays Rovinj 2026\" \/>\n<meta property=\"og:description\" content=\"In front of an audience of peers at Island Hotel\" \/>\n<meta property=\"og:url\" content=\"https:\/\/www.photodays-rovinj.com\/en\/awards-and-grand-prix-of-the-rovinj-photodays-2024-festival-announced\/\" \/>\n<meta property=\"og:site_name\" content=\"Photodays Rovinj 2026\" \/>\n<meta property=\"article:modified_time\" content=\"2024-06-12T08:20:16+00:00\" \/>\n<meta name=\"twitter:card\" content=\"summary_large_image\" \/>\n<meta name=\"twitter:label1\" content=\"Est. reading time\" \/>\n\t<meta name=\"twitter:data1\" content=\"2 minutes\" \/>\n<script type=\"application\/ld+json\" class=\"yoast-schema-graph\">{\"@context\":\"https:\/\/schema.org\",\"@graph\":[{\"@type\":\"WebPage\",\"@id\":\"https:\/\/www.photodays-rovinj.com\/en\/awards-and-grand-prix-of-the-rovinj-photodays-2024-festival-announced\/\",\"url\":\"https:\/\/www.photodays-rovinj.com\/en\/awards-and-grand-prix-of-the-rovinj-photodays-2024-festival-announced\/\",\"name\":\"Awards and Grand Prix of the Rovinj Photodays 2024 Festival Announced! - Photodays Rovinj 2026\",\"isPartOf\":{\"@id\":\"https:\/\/www.photodays-rovinj.com\/en\/#website\"},\"datePublished\":\"2017-01-28T12:22:31+00:00\",\"dateModified\":\"2024-06-12T08:20:16+00:00\",\"breadcrumb\":{\"@id\":\"https:\/\/www.photodays-rovinj.com\/en\/awards-and-grand-prix-of-the-rovinj-photodays-2024-festival-announced\/#breadcrumb\"},\"inLanguage\":\"en-US\",\"potentialAction\":[{\"@type\":\"ReadAction\",\"target\":[\"https:\/\/www.photodays-rovinj.com\/en\/awards-and-grand-prix-of-the-rovinj-photodays-2024-festival-announced\/\"]}]},{\"@type\":\"BreadcrumbList\",\"@id\":\"https:\/\/www.photodays-rovinj.com\/en\/awards-and-grand-prix-of-the-rovinj-photodays-2024-festival-announced\/#breadcrumb\",\"itemListElement\":[{\"@type\":\"ListItem\",\"position\":1,\"name\":\"Po\u010detna stranica\",\"item\":\"https:\/\/www.photodays-rovinj.com\/en\/\"},{\"@type\":\"ListItem\",\"position\":2,\"name\":\"Awards and Grand Prix of the Rovinj Photodays 2024 Festival Announced!\"}]},{\"@type\":\"WebSite\",\"@id\":\"https:\/\/www.photodays-rovinj.com\/en\/#website\",\"url\":\"https:\/\/www.photodays-rovinj.com\/en\/\",\"name\":\"Photodays Rovinj 2026\",\"description\":\"Dodijeljene nagrade i Grand Prix festivala Rovinj Photodays 2024!\",\"potentialAction\":[{\"@type\":\"SearchAction\",\"target\":{\"@type\":\"EntryPoint\",\"urlTemplate\":\"https:\/\/www.photodays-rovinj.com\/en\/?s={search_term_string}\"},\"query-input\":{\"@type\":\"PropertyValueSpecification\",\"valueRequired\":true,\"valueName\":\"search_term_string\"}}],\"inLanguage\":\"en-US\"}]}<\/script>\n<!-- \/ Yoast SEO plugin. -->","yoast_head_json":{"title":"Awards and Grand Prix of the Rovinj Photodays 2024 Festival Announced! - Photodays Rovinj 2026","robots":{"index":"index","follow":"follow","max-snippet":"max-snippet:-1","max-image-preview":"max-image-preview:large","max-video-preview":"max-video-preview:-1"},"canonical":"https:\/\/www.photodays-rovinj.com\/en\/awards-and-grand-prix-of-the-rovinj-photodays-2024-festival-announced\/","og_locale":"en_US","og_type":"article","og_title":"Awards and Grand Prix of the Rovinj Photodays 2024 Festival Announced! - Photodays Rovinj 2026","og_description":"In front of an audience of peers at Island Hotel","og_url":"https:\/\/www.photodays-rovinj.com\/en\/awards-and-grand-prix-of-the-rovinj-photodays-2024-festival-announced\/","og_site_name":"Photodays Rovinj 2026","article_modified_time":"2024-06-12T08:20:16+00:00","twitter_card":"summary_large_image","twitter_misc":{"Est. reading time":"2 minutes"},"schema":{"@context":"https:\/\/schema.org","@graph":[{"@type":"WebPage","@id":"https:\/\/www.photodays-rovinj.com\/en\/awards-and-grand-prix-of-the-rovinj-photodays-2024-festival-announced\/","url":"https:\/\/www.photodays-rovinj.com\/en\/awards-and-grand-prix-of-the-rovinj-photodays-2024-festival-announced\/","name":"Awards and Grand Prix of the Rovinj Photodays 2024 Festival Announced! - Photodays Rovinj 2026","isPartOf":{"@id":"https:\/\/www.photodays-rovinj.com\/en\/#website"},"datePublished":"2017-01-28T12:22:31+00:00","dateModified":"2024-06-12T08:20:16+00:00","breadcrumb":{"@id":"https:\/\/www.photodays-rovinj.com\/en\/awards-and-grand-prix-of-the-rovinj-photodays-2024-festival-announced\/#breadcrumb"},"inLanguage":"en-US","potentialAction":[{"@type":"ReadAction","target":["https:\/\/www.photodays-rovinj.com\/en\/awards-and-grand-prix-of-the-rovinj-photodays-2024-festival-announced\/"]}]},{"@type":"BreadcrumbList","@id":"https:\/\/www.photodays-rovinj.com\/en\/awards-and-grand-prix-of-the-rovinj-photodays-2024-festival-announced\/#breadcrumb","itemListElement":[{"@type":"ListItem","position":1,"name":"Po\u010detna stranica","item":"https:\/\/www.photodays-rovinj.com\/en\/"},{"@type":"ListItem","position":2,"name":"Awards and Grand Prix of the Rovinj Photodays 2024 Festival Announced!"}]},{"@type":"WebSite","@id":"https:\/\/www.photodays-rovinj.com\/en\/#website","url":"https:\/\/www.photodays-rovinj.com\/en\/","name":"Photodays Rovinj 2026","description":"Dodijeljene nagrade i Grand Prix festivala Rovinj Photodays 2024!","potentialAction":[{"@type":"SearchAction","target":{"@type":"EntryPoint","urlTemplate":"https:\/\/www.photodays-rovinj.com\/en\/?s={search_term_string}"},"query-input":{"@type":"PropertyValueSpecification","valueRequired":true,"valueName":"search_term_string"}}],"inLanguage":"en-US"}]}},"_links":{"self":[{"href":"https:\/\/www.photodays-rovinj.com\/en\/wp-json\/wp\/v2\/pages\/7468","targetHints":{"allow":["GET"]}}],"collection":[{"href":"https:\/\/www.photodays-rovinj.com\/en\/wp-json\/wp\/v2\/pages"}],"about":[{"href":"https:\/\/www.photodays-rovinj.com\/en\/wp-json\/wp\/v2\/types\/page"}],"author":[{"embeddable":true,"href":"https:\/\/www.photodays-rovinj.com\/en\/wp-json\/wp\/v2\/users\/1"}],"replies":[{"embeddable":true,"href":"https:\/\/www.photodays-rovinj.com\/en\/wp-json\/wp\/v2\/comments?post=7468"}],"version-history":[{"count":1,"href":"https:\/\/www.photodays-rovinj.com\/en\/wp-json\/wp\/v2\/pages\/7468\/revisions"}],"predecessor-version":[{"id":10693,"href":"https:\/\/www.photodays-rovinj.com\/en\/wp-json\/wp\/v2\/pages\/7468\/revisions\/10693"}],"wp:attachment":[{"href":"https:\/\/www.photodays-rovinj.com\/en\/wp-json\/wp\/v2\/media?parent=7468"}],"curies":[{"name":"wp","href":"https:\/\/api.w.org\/{rel}","templated":true}]}}