{"id":1220,"date":"2017-03-07T13:09:20","date_gmt":"2017-03-07T13:09:20","guid":{"rendered":"http:\/\/photodays-rovinj.com?page_id=1220"},"modified":"2024-06-12T08:28:55","modified_gmt":"2024-06-12T08:28:55","slug":"first-round-of-judging","status":"publish","type":"page","link":"https:\/\/www.photodays-rovinj.com\/en\/first-round-of-judging\/","title":{"rendered":"The first round of judging is completed; the national selectors chose the best works moving on to the second round"},"content":{"rendered":"<p>This year the competition received a total of 8,600 photos by 600 authors from 27 countries. We thank all the photographers and the national selectors who decided on the best photos and passed them on to the main selector for the second round of judging.<\/p>\n<p>Following are the names of authors who are moving on to the second round (sorted by country and in alphabetical order):<\/p>\n<p><strong>AUSTRIA &#8211; <\/strong>0640AM; <strong>BELGIUM &#8211;<\/strong> David Verberckt;<strong> BOSNIA &amp; HERZEGOVINA &#8211; <\/strong>Adnan Pazarac,\u00a0 Aida Red\u017eepagi\u0107, Armin Graca, Dinko Ho\u0161i\u0107, D\u017eenad D\u017eino, Haris Kuri\u0107, Mirsad Mujanovi\u0107, Mitar Simikic, Nadja Berberovi\u0107, Nina Ma\u0161i\u0107, Senka Paunovi\u0107, Senad Tahmaz, Sini\u0161a Skenderija, Sr\u0111an \u0110un\u0111erovi\u0107, Sr\u0111an Vujmilovi\u0107, Zenir \u0160uko; <strong>BRAZIL &#8211;<\/strong> Guilherme Bergamini; <strong>CANADA &#8211;<\/strong> Arianne Cl\u00e9ment; <strong>CROATIA &#8211;<\/strong> Domagoj Burilovi\u0107, Fabio \u0160imi\u0107ev, Iva Koren\u010di\u0107, Kristina Arkovi\u0107,\u00a0 Mirna Pavlovi\u0107, Petra Slobodnjak, Sa\u0161a \u0106etkovi\u0107, Silvija Butkovi\u0107, Snje\u017eana Bratanovi\u0107, Vlado Kos; <strong>FRANCE<\/strong> <strong>&#8211;<\/strong> G\u00e9rard Staron; <strong>GERMANY<\/strong> &#8211; Andreas Andersen, Michele Brancati, Sara Perovic; <strong>GREAT BRITAIN &#8211; <\/strong>Kollatou Elena and Toumpanos Leonidas; <strong>ITALY<\/strong> &#8211; Adriana Miani, Alessio Paduano, Andrea Neri, Antonello Mazzei, Antonio Di Cecco, Arianna Ancona, Davide Palmisano, ecociani@gmail.com, Emiliano Negrini, Francesca Cirilli, Gaetano Massa, Giulio Zanni, Isabella Sommati, Luana Rigolli, Marco Castelli, Mario Ferrara, michcera@hotmail.it, Paul Scarano, Raffaella Sacchetti, Rocco Rorandelli, Stefano Cioffi, Vittorio Zunino Celotto; <strong>MONTENEGRO<\/strong>\u00a0\u00a0 &#8211; Aleksandar Aleksi\u0107, Arijana Kadi\u0107, Bal\u0161a Gobovi\u0107, Damir Ljaljevi\u0107, Katica Nisavi\u0107, Marko Kosovi\u0107, Nada Vojinovi\u0107, Nikola Ralevi\u0107, Stefan Vuki\u010devi\u0107;<strong> MACEDONIA &#8211;<\/strong>\u00a0Denis Jagd\u017ei, Ivan Blazhev, Ivan Durgutovski, Ivan Vukeli\u0107, Ivan Trpkov, Katja Shtrkova Kochovska, Keti Talevska, Kiril Shtrkov, Marjana Pavli\u010dek, Milan Bla\u017eevski, Natasa Veli\u010dkovska, Sonja Stavrova, Stefan Sokol, Taisa Andzakoska,Vera Hristovska, Ylli Ymeri, Zoran Sekerov; <strong>NETHERLANDS<\/strong> <strong>&#8211;<\/strong> Goran Turn\u0161ek, Michael Floor; <strong>NORWAY &#8211;<\/strong> Ole Marius Joergensen;<strong> SERBIA &#8211; <\/strong>Aleksandra Drlja\u010da, Boris Buri\u0107, Danilo Mijatovi\u0107, Dubravka Lazi\u0107, Igor \u010coko, Jan Valo, Jelena Jankovi\u0107, Jelena \u017digi\u0107 , Jovana Simovski, Katarina Kosanovi\u0107, Katarina Radovi\u0107, Luka Klikovac, Marija Jankovic\u0107, Marija Konjiku\u0161i\u0107, Milica Mrvi\u0107, Milo\u0161 Krsti\u0107, Milica Stoj\u0161i\u0107, Milutin Markovi\u0107, Pavle Kaplanec, Sa\u0161a Lali\u0107, Sa\u0161a Preradovi\u0107, Senja Vild, Sofija Modo\u0161anov, Sr\u0111an \u0110uri\u0107, Sta\u0161a Bukmirovi\u0107 , Vladimir \u017divojinovi\u0107; <strong>SLOVENIA &#8211;<\/strong> Ana Stra\u017ee, Bo\u0161tjan Pucelj, Branka Keser, Dino Ku\u017enik, Eva \u017durbi, Jaka \u0160uln, Jan Krek, Luka \u0160kulj, Matic Zorman, Miro Nuni\u0107, Nenad Caki\u0107,\u00a0Nik Neubauer<strong>,<\/strong> O\u017ebej \u010cerne, Peter Mrhar, Polona Plasin, Sandra Po\u017eun, Teja Gerkman, teyaveya@gmail.com, Ur\u0161a Premik, Ur\u0161a Vali\u010d, Ur\u0161ka Preis; <strong>SPAIN<\/strong> &#8211; Jorge L\u00f3pez Mu\u0144oz;<strong> SWEDEN &#8211; <\/strong>Joakim Kocjancic; <strong>UNITED ARAB EMIRATES &#8211;<\/strong> Milo Sladakovi\u0107, Sr\u0111an Sladakovi\u0107<\/p>\n<p>During the second round the main selector, Willie Osterman, will select the finalists and the winners of each category and the overall winner of the festival, who will be awarded the Grand Prix. The winners of all categories will be awarded with the &#8220;Kadar&#8221; statue, which is presented to them at the gala award ceremony in Rovinj on May 6<sup>th<\/sup>, 2017. Three of the most successful authors in each category will be presented as part of a large traveling exhibition, catalog, official website, media releases and all promotional material of the festival. The overall winner of the Festival, the winner of the Grand Prix award, will also win a solo exhibition at the Rovinj Photodays Festival 2018 with the accompanying publication.<\/p>\n<p>Willie Osterman will personally open the final exhibition of finalists, on the first day of the festival in Rovinj, on May 5<sup>th<\/sup> 2017.<\/p>\n<p><strong>Final results will traditionally be presented at the press conference in the Museum of Arts and Crafts in Zagreb in mid-April.<\/strong><\/p>\n","protected":false},"excerpt":{"rendered":"<p>This year the competition received a total of 8,600 photos<\/p>\n","protected":false},"author":1,"featured_media":0,"parent":0,"menu_order":0,"comment_status":"closed","ping_status":"closed","template":"","meta":{"_acf_changed":false,"footnotes":""},"class_list":["post-1220","page","type-page","status-publish","hentry"],"acf":[],"yoast_head":"<!-- This site is optimized with the Yoast SEO plugin v27.2 - https:\/\/yoast.com\/product\/yoast-seo-wordpress\/ -->\n<title>The first round of judging is completed; the national selectors chose the best works moving on to the second round - Photodays Rovinj 2026<\/title>\n<meta name=\"robots\" content=\"index, follow, max-snippet:-1, max-image-preview:large, max-video-preview:-1\" \/>\n<link rel=\"canonical\" href=\"https:\/\/www.photodays-rovinj.com\/en\/first-round-of-judging\/\" \/>\n<meta property=\"og:locale\" content=\"en_US\" \/>\n<meta property=\"og:type\" content=\"article\" \/>\n<meta property=\"og:title\" content=\"The first round of judging is completed; the national selectors chose the best works moving on to the second round - Photodays Rovinj 2026\" \/>\n<meta property=\"og:description\" content=\"This year the competition received a total of 8,600 photos\" \/>\n<meta property=\"og:url\" content=\"https:\/\/www.photodays-rovinj.com\/en\/first-round-of-judging\/\" \/>\n<meta property=\"og:site_name\" content=\"Photodays Rovinj 2026\" \/>\n<meta property=\"article:modified_time\" content=\"2024-06-12T08:28:55+00:00\" \/>\n<meta name=\"twitter:card\" content=\"summary_large_image\" \/>\n<meta name=\"twitter:label1\" content=\"Est. reading time\" \/>\n\t<meta name=\"twitter:data1\" content=\"3 minutes\" \/>\n<script type=\"application\/ld+json\" class=\"yoast-schema-graph\">{\"@context\":\"https:\/\/schema.org\",\"@graph\":[{\"@type\":\"WebPage\",\"@id\":\"https:\/\/www.photodays-rovinj.com\/en\/first-round-of-judging\/\",\"url\":\"https:\/\/www.photodays-rovinj.com\/en\/first-round-of-judging\/\",\"name\":\"The first round of judging is completed; the national selectors chose the best works moving on to the second round - Photodays Rovinj 2026\",\"isPartOf\":{\"@id\":\"https:\/\/www.photodays-rovinj.com\/en\/#website\"},\"datePublished\":\"2017-03-07T13:09:20+00:00\",\"dateModified\":\"2024-06-12T08:28:55+00:00\",\"breadcrumb\":{\"@id\":\"https:\/\/www.photodays-rovinj.com\/en\/first-round-of-judging\/#breadcrumb\"},\"inLanguage\":\"en-US\",\"potentialAction\":[{\"@type\":\"ReadAction\",\"target\":[\"https:\/\/www.photodays-rovinj.com\/en\/first-round-of-judging\/\"]}]},{\"@type\":\"BreadcrumbList\",\"@id\":\"https:\/\/www.photodays-rovinj.com\/en\/first-round-of-judging\/#breadcrumb\",\"itemListElement\":[{\"@type\":\"ListItem\",\"position\":1,\"name\":\"Po\u010detna stranica\",\"item\":\"https:\/\/www.photodays-rovinj.com\/en\/\"},{\"@type\":\"ListItem\",\"position\":2,\"name\":\"The first round of judging is completed; the national selectors chose the best works moving on to the second round\"}]},{\"@type\":\"WebSite\",\"@id\":\"https:\/\/www.photodays-rovinj.com\/en\/#website\",\"url\":\"https:\/\/www.photodays-rovinj.com\/en\/\",\"name\":\"Photodays Rovinj 2026\",\"description\":\"Dodijeljene nagrade i Grand Prix festivala Rovinj Photodays 2024!\",\"potentialAction\":[{\"@type\":\"SearchAction\",\"target\":{\"@type\":\"EntryPoint\",\"urlTemplate\":\"https:\/\/www.photodays-rovinj.com\/en\/?s={search_term_string}\"},\"query-input\":{\"@type\":\"PropertyValueSpecification\",\"valueRequired\":true,\"valueName\":\"search_term_string\"}}],\"inLanguage\":\"en-US\"}]}<\/script>\n<!-- \/ Yoast SEO plugin. -->","yoast_head_json":{"title":"The first round of judging is completed; the national selectors chose the best works moving on to the second round - Photodays Rovinj 2026","robots":{"index":"index","follow":"follow","max-snippet":"max-snippet:-1","max-image-preview":"max-image-preview:large","max-video-preview":"max-video-preview:-1"},"canonical":"https:\/\/www.photodays-rovinj.com\/en\/first-round-of-judging\/","og_locale":"en_US","og_type":"article","og_title":"The first round of judging is completed; the national selectors chose the best works moving on to the second round - Photodays Rovinj 2026","og_description":"This year the competition received a total of 8,600 photos","og_url":"https:\/\/www.photodays-rovinj.com\/en\/first-round-of-judging\/","og_site_name":"Photodays Rovinj 2026","article_modified_time":"2024-06-12T08:28:55+00:00","twitter_card":"summary_large_image","twitter_misc":{"Est. reading time":"3 minutes"},"schema":{"@context":"https:\/\/schema.org","@graph":[{"@type":"WebPage","@id":"https:\/\/www.photodays-rovinj.com\/en\/first-round-of-judging\/","url":"https:\/\/www.photodays-rovinj.com\/en\/first-round-of-judging\/","name":"The first round of judging is completed; the national selectors chose the best works moving on to the second round - Photodays Rovinj 2026","isPartOf":{"@id":"https:\/\/www.photodays-rovinj.com\/en\/#website"},"datePublished":"2017-03-07T13:09:20+00:00","dateModified":"2024-06-12T08:28:55+00:00","breadcrumb":{"@id":"https:\/\/www.photodays-rovinj.com\/en\/first-round-of-judging\/#breadcrumb"},"inLanguage":"en-US","potentialAction":[{"@type":"ReadAction","target":["https:\/\/www.photodays-rovinj.com\/en\/first-round-of-judging\/"]}]},{"@type":"BreadcrumbList","@id":"https:\/\/www.photodays-rovinj.com\/en\/first-round-of-judging\/#breadcrumb","itemListElement":[{"@type":"ListItem","position":1,"name":"Po\u010detna stranica","item":"https:\/\/www.photodays-rovinj.com\/en\/"},{"@type":"ListItem","position":2,"name":"The first round of judging is completed; the national selectors chose the best works moving on to the second round"}]},{"@type":"WebSite","@id":"https:\/\/www.photodays-rovinj.com\/en\/#website","url":"https:\/\/www.photodays-rovinj.com\/en\/","name":"Photodays Rovinj 2026","description":"Dodijeljene nagrade i Grand Prix festivala Rovinj Photodays 2024!","potentialAction":[{"@type":"SearchAction","target":{"@type":"EntryPoint","urlTemplate":"https:\/\/www.photodays-rovinj.com\/en\/?s={search_term_string}"},"query-input":{"@type":"PropertyValueSpecification","valueRequired":true,"valueName":"search_term_string"}}],"inLanguage":"en-US"}]}},"_links":{"self":[{"href":"https:\/\/www.photodays-rovinj.com\/en\/wp-json\/wp\/v2\/pages\/1220","targetHints":{"allow":["GET"]}}],"collection":[{"href":"https:\/\/www.photodays-rovinj.com\/en\/wp-json\/wp\/v2\/pages"}],"about":[{"href":"https:\/\/www.photodays-rovinj.com\/en\/wp-json\/wp\/v2\/types\/page"}],"author":[{"embeddable":true,"href":"https:\/\/www.photodays-rovinj.com\/en\/wp-json\/wp\/v2\/users\/1"}],"replies":[{"embeddable":true,"href":"https:\/\/www.photodays-rovinj.com\/en\/wp-json\/wp\/v2\/comments?post=1220"}],"version-history":[{"count":1,"href":"https:\/\/www.photodays-rovinj.com\/en\/wp-json\/wp\/v2\/pages\/1220\/revisions"}],"predecessor-version":[{"id":11015,"href":"https:\/\/www.photodays-rovinj.com\/en\/wp-json\/wp\/v2\/pages\/1220\/revisions\/11015"}],"wp:attachment":[{"href":"https:\/\/www.photodays-rovinj.com\/en\/wp-json\/wp\/v2\/media?parent=1220"}],"curies":[{"name":"wp","href":"https:\/\/api.w.org\/{rel}","templated":true}]}}