{"id":11688,"date":"2023-06-02T08:21:21","date_gmt":"2023-06-02T08:21:21","guid":{"rendered":"https:\/\/www.photodays-rovinj.com\/awards-and-grand-prix-of-the-rovinj-photodays-2024-festival-awarded\/"},"modified":"2024-12-04T09:11:19","modified_gmt":"2024-12-04T09:11:19","slug":"awards-and-grand-prix-of-the-rovinj-photodays-2024-festival-awarded","status":"publish","type":"page","link":"https:\/\/www.photodays-rovinj.com\/en\/awards-and-grand-prix-of-the-rovinj-photodays-2024-festival-awarded\/","title":{"rendered":"Awards and Grand Prix of the Rovinj Photodays 2024 festival awarded!"},"content":{"rendered":"\n<p>In front of the crowded stage of the Island Hotel Istra, the seventeenth edition of the biggest Croatian festival of contemporary photography &#8211; Rovinj Photodays &#8211; has officially ended with the annual awards ceremony and the Grand Prix!<\/p>\n\n<p>Prizes were awarded in six official categories, and the works of the finalists were premiered last Friday at the group exhibition held in the Multimedia Center (MMC) Rovinj, which was the central part of this year&#8217;s festival.<\/p>\n\n<p>Ivica Lazi\u0107, representative of Epson, as one of the main sponsors of the festival, awarded the Grand Prix <strong>to Tatiana Tak\u00e1\u010dov\u00e1<\/strong> , a visual artist and photographer from Slovakia and the winner in the Landscape category. Winning this award for Tatiana means a new <strong>solo exhibition at the Rovinj Photodays 2025 festival<\/strong> , with the accompanying publication, and <strong>the festival&#8217;s cash prize in the amount of EUR 2,000<\/strong> ! <\/p>\n\n<p>&#8220;<em>Despite the fact that they grew up in the era of the expansion of digital photography, the finalists from the landscape photography category match in sensibility towards black and white photography of conceptual provenance. Applying the collage technique and combining digital photography with analog, own footage with archival material, Tatiana Tak\u00e1\u010dov\u00e1 takes first place with a series of imaginary landscapes whose title Might sound a little strange suggests that it is about unusual scenes. The symbioses of the real and the artificial that produce a feeling of displacement from reality. Not deviating from the soft gradation of gray tones, they evoke gloomy moods of transience.&#8221;   <\/em>  &#8211; Sabina Salamon, president of the jury<\/p>\n\n<p>&#8220;<em>This project reflects my long-standing interest in the psychological aspects of human experience and the concept of temporality. The ideological starting point is the German concept of fernweh, i.e. longing, melancholy or sadness that an individual feels for places he has never been to. As an artist, I interpret this concept on two levels. The first is historical, where melancholy comes to the fore because of the world, social systems and stories that have irretrievably disappeared. The second level is related to the future and the experience of an inner yearning to discover and seek the promised land.&#8221;    <\/em>  &#8211; <strong>Tatiana Tak\u00e1\u010dov\u00e1<\/strong><\/p>\n","protected":false},"excerpt":{"rendered":"<p>In front of the crowded stage of the Island Hotel<\/p>\n","protected":false},"author":1,"featured_media":0,"parent":0,"menu_order":0,"comment_status":"closed","ping_status":"closed","template":"","meta":{"_acf_changed":false,"footnotes":""},"class_list":["post-11688","page","type-page","status-publish","hentry"],"acf":[],"yoast_head":"<!-- This site is optimized with the Yoast SEO plugin v27.2 - https:\/\/yoast.com\/product\/yoast-seo-wordpress\/ -->\n<title>Awards and Grand Prix of the Rovinj Photodays 2024 festival awarded! - Photodays Rovinj 2026<\/title>\n<meta name=\"robots\" content=\"index, follow, max-snippet:-1, max-image-preview:large, max-video-preview:-1\" \/>\n<link rel=\"canonical\" href=\"https:\/\/www.photodays-rovinj.com\/en\/awards-and-grand-prix-of-the-rovinj-photodays-2024-festival-awarded\/\" \/>\n<meta property=\"og:locale\" content=\"en_US\" \/>\n<meta property=\"og:type\" content=\"article\" \/>\n<meta property=\"og:title\" content=\"Awards and Grand Prix of the Rovinj Photodays 2024 festival awarded! - Photodays Rovinj 2026\" \/>\n<meta property=\"og:description\" content=\"In front of the crowded stage of the Island Hotel\" \/>\n<meta property=\"og:url\" content=\"https:\/\/www.photodays-rovinj.com\/en\/awards-and-grand-prix-of-the-rovinj-photodays-2024-festival-awarded\/\" \/>\n<meta property=\"og:site_name\" content=\"Photodays Rovinj 2026\" \/>\n<meta property=\"article:modified_time\" content=\"2024-12-04T09:11:19+00:00\" \/>\n<meta name=\"twitter:card\" content=\"summary_large_image\" \/>\n<meta name=\"twitter:label1\" content=\"Est. reading time\" \/>\n\t<meta name=\"twitter:data1\" content=\"2 minutes\" \/>\n<script type=\"application\/ld+json\" class=\"yoast-schema-graph\">{\"@context\":\"https:\/\/schema.org\",\"@graph\":[{\"@type\":\"WebPage\",\"@id\":\"https:\/\/www.photodays-rovinj.com\/en\/awards-and-grand-prix-of-the-rovinj-photodays-2024-festival-awarded\/\",\"url\":\"https:\/\/www.photodays-rovinj.com\/en\/awards-and-grand-prix-of-the-rovinj-photodays-2024-festival-awarded\/\",\"name\":\"Awards and Grand Prix of the Rovinj Photodays 2024 festival awarded! - Photodays Rovinj 2026\",\"isPartOf\":{\"@id\":\"https:\/\/www.photodays-rovinj.com\/en\/#website\"},\"datePublished\":\"2023-06-02T08:21:21+00:00\",\"dateModified\":\"2024-12-04T09:11:19+00:00\",\"breadcrumb\":{\"@id\":\"https:\/\/www.photodays-rovinj.com\/en\/awards-and-grand-prix-of-the-rovinj-photodays-2024-festival-awarded\/#breadcrumb\"},\"inLanguage\":\"en-US\",\"potentialAction\":[{\"@type\":\"ReadAction\",\"target\":[\"https:\/\/www.photodays-rovinj.com\/en\/awards-and-grand-prix-of-the-rovinj-photodays-2024-festival-awarded\/\"]}]},{\"@type\":\"BreadcrumbList\",\"@id\":\"https:\/\/www.photodays-rovinj.com\/en\/awards-and-grand-prix-of-the-rovinj-photodays-2024-festival-awarded\/#breadcrumb\",\"itemListElement\":[{\"@type\":\"ListItem\",\"position\":1,\"name\":\"Po\u010detna stranica\",\"item\":\"https:\/\/www.photodays-rovinj.com\/en\/\"},{\"@type\":\"ListItem\",\"position\":2,\"name\":\"Awards and Grand Prix of the Rovinj Photodays 2024 festival awarded!\"}]},{\"@type\":\"WebSite\",\"@id\":\"https:\/\/www.photodays-rovinj.com\/en\/#website\",\"url\":\"https:\/\/www.photodays-rovinj.com\/en\/\",\"name\":\"Photodays Rovinj 2026\",\"description\":\"Dodijeljene nagrade i Grand Prix festivala Rovinj Photodays 2024!\",\"potentialAction\":[{\"@type\":\"SearchAction\",\"target\":{\"@type\":\"EntryPoint\",\"urlTemplate\":\"https:\/\/www.photodays-rovinj.com\/en\/?s={search_term_string}\"},\"query-input\":{\"@type\":\"PropertyValueSpecification\",\"valueRequired\":true,\"valueName\":\"search_term_string\"}}],\"inLanguage\":\"en-US\"}]}<\/script>\n<!-- \/ Yoast SEO plugin. -->","yoast_head_json":{"title":"Awards and Grand Prix of the Rovinj Photodays 2024 festival awarded! - Photodays Rovinj 2026","robots":{"index":"index","follow":"follow","max-snippet":"max-snippet:-1","max-image-preview":"max-image-preview:large","max-video-preview":"max-video-preview:-1"},"canonical":"https:\/\/www.photodays-rovinj.com\/en\/awards-and-grand-prix-of-the-rovinj-photodays-2024-festival-awarded\/","og_locale":"en_US","og_type":"article","og_title":"Awards and Grand Prix of the Rovinj Photodays 2024 festival awarded! - Photodays Rovinj 2026","og_description":"In front of the crowded stage of the Island Hotel","og_url":"https:\/\/www.photodays-rovinj.com\/en\/awards-and-grand-prix-of-the-rovinj-photodays-2024-festival-awarded\/","og_site_name":"Photodays Rovinj 2026","article_modified_time":"2024-12-04T09:11:19+00:00","twitter_card":"summary_large_image","twitter_misc":{"Est. reading time":"2 minutes"},"schema":{"@context":"https:\/\/schema.org","@graph":[{"@type":"WebPage","@id":"https:\/\/www.photodays-rovinj.com\/en\/awards-and-grand-prix-of-the-rovinj-photodays-2024-festival-awarded\/","url":"https:\/\/www.photodays-rovinj.com\/en\/awards-and-grand-prix-of-the-rovinj-photodays-2024-festival-awarded\/","name":"Awards and Grand Prix of the Rovinj Photodays 2024 festival awarded! - Photodays Rovinj 2026","isPartOf":{"@id":"https:\/\/www.photodays-rovinj.com\/en\/#website"},"datePublished":"2023-06-02T08:21:21+00:00","dateModified":"2024-12-04T09:11:19+00:00","breadcrumb":{"@id":"https:\/\/www.photodays-rovinj.com\/en\/awards-and-grand-prix-of-the-rovinj-photodays-2024-festival-awarded\/#breadcrumb"},"inLanguage":"en-US","potentialAction":[{"@type":"ReadAction","target":["https:\/\/www.photodays-rovinj.com\/en\/awards-and-grand-prix-of-the-rovinj-photodays-2024-festival-awarded\/"]}]},{"@type":"BreadcrumbList","@id":"https:\/\/www.photodays-rovinj.com\/en\/awards-and-grand-prix-of-the-rovinj-photodays-2024-festival-awarded\/#breadcrumb","itemListElement":[{"@type":"ListItem","position":1,"name":"Po\u010detna stranica","item":"https:\/\/www.photodays-rovinj.com\/en\/"},{"@type":"ListItem","position":2,"name":"Awards and Grand Prix of the Rovinj Photodays 2024 festival awarded!"}]},{"@type":"WebSite","@id":"https:\/\/www.photodays-rovinj.com\/en\/#website","url":"https:\/\/www.photodays-rovinj.com\/en\/","name":"Photodays Rovinj 2026","description":"Dodijeljene nagrade i Grand Prix festivala Rovinj Photodays 2024!","potentialAction":[{"@type":"SearchAction","target":{"@type":"EntryPoint","urlTemplate":"https:\/\/www.photodays-rovinj.com\/en\/?s={search_term_string}"},"query-input":{"@type":"PropertyValueSpecification","valueRequired":true,"valueName":"search_term_string"}}],"inLanguage":"en-US"}]}},"_links":{"self":[{"href":"https:\/\/www.photodays-rovinj.com\/en\/wp-json\/wp\/v2\/pages\/11688","targetHints":{"allow":["GET"]}}],"collection":[{"href":"https:\/\/www.photodays-rovinj.com\/en\/wp-json\/wp\/v2\/pages"}],"about":[{"href":"https:\/\/www.photodays-rovinj.com\/en\/wp-json\/wp\/v2\/types\/page"}],"author":[{"embeddable":true,"href":"https:\/\/www.photodays-rovinj.com\/en\/wp-json\/wp\/v2\/users\/1"}],"replies":[{"embeddable":true,"href":"https:\/\/www.photodays-rovinj.com\/en\/wp-json\/wp\/v2\/comments?post=11688"}],"version-history":[{"count":1,"href":"https:\/\/www.photodays-rovinj.com\/en\/wp-json\/wp\/v2\/pages\/11688\/revisions"}],"predecessor-version":[{"id":11690,"href":"https:\/\/www.photodays-rovinj.com\/en\/wp-json\/wp\/v2\/pages\/11688\/revisions\/11690"}],"wp:attachment":[{"href":"https:\/\/www.photodays-rovinj.com\/en\/wp-json\/wp\/v2\/media?parent=11688"}],"curies":[{"name":"wp","href":"https:\/\/api.w.org\/{rel}","templated":true}]}}